{"id":1039,"date":"2025-12-27T22:08:40","date_gmt":"2025-12-27T22:08:40","guid":{"rendered":"https:\/\/maviogretmen.com\/?page_id=1039"},"modified":"2025-12-27T22:16:10","modified_gmt":"2025-12-27T22:16:10","slug":"o-harfi-orumcek-etkinligi","status":"publish","type":"page","link":"https:\/\/maviogretmen.com\/?page_id=1039","title":{"rendered":"\u00d6 harfi \u00d6r\u00fcmcek Etkinli\u011fi"},"content":{"rendered":"\t\t<div data-elementor-type=\"wp-page\" data-elementor-id=\"1039\" class=\"elementor elementor-1039\">\n\t\t\t\t<div class=\"elementor-element elementor-element-8b652e8 e-con-full e-flex e-con e-parent\" data-id=\"8b652e8\" data-element_type=\"container\" data-settings=\"{&quot;background_background&quot;:&quot;classic&quot;}\">\n\t\t\t\t<div class=\"elementor-element elementor-element-baa5d99 elementor-widget-mobile__width-inherit elementor-widget elementor-widget-heading\" data-id=\"baa5d99\" data-element_type=\"widget\" data-widget_type=\"heading.default\">\n\t\t\t\t\t<h2 class=\"elementor-heading-title elementor-size-default\">\u00d6 harfi \u00d6r\u00fcmcek Etkinli\u011fi<\/h2>\t\t\t\t<\/div>\n\t\t<div class=\"elementor-element elementor-element-d037b7c e-flex e-con-boxed e-con e-child\" data-id=\"d037b7c\" data-element_type=\"container\">\n\t\t\t\t\t<div class=\"e-con-inner\">\n\t\t\t\t<div class=\"elementor-element elementor-element-e0217f1 elementor-widget elementor-widget-image\" data-id=\"e0217f1\" data-element_type=\"widget\" data-widget_type=\"image.default\">\n\t\t\t\t\t\t\t\t\t\t\t\t<figure class=\"wp-caption\">\n\t\t\t\t\t\t\t\t\t\t<img fetchpriority=\"high\" decoding=\"async\" width=\"768\" height=\"1024\" src=\"https:\/\/maviogretmen.com\/wp-content\/uploads\/2025\/12\/orumcek-gorsel-768x1024.jpg\" class=\"attachment-large size-large wp-image-1041\" alt=\"\" srcset=\"https:\/\/maviogretmen.com\/wp-content\/uploads\/2025\/12\/orumcek-gorsel-768x1024.jpg 768w, https:\/\/maviogretmen.com\/wp-content\/uploads\/2025\/12\/orumcek-gorsel-225x300.jpg 225w, https:\/\/maviogretmen.com\/wp-content\/uploads\/2025\/12\/orumcek-gorsel-1152x1536.jpg 1152w, https:\/\/maviogretmen.com\/wp-content\/uploads\/2025\/12\/orumcek-gorsel-1536x2048.jpg 1536w, https:\/\/maviogretmen.com\/wp-content\/uploads\/2025\/12\/orumcek-gorsel-scaled.jpg 1920w\" sizes=\"(max-width: 768px) 100vw, 768px\" \/>\t\t\t\t\t\t\t\t\t\t\t<figcaption class=\"widget-image-caption wp-caption-text\">\u00d6 harflerinin alt\u0131na \u015f\u00f6nilden bacaklar yaparak sevimli \u00f6r\u00fcmcekler olu\u015fturabilirsiniz. \u00c7ift tarafl\u0131 bant sayesinde \u00f6r\u00fcmcekleri s\u0131n\u0131f duvarlar\u0131na veya dolaplara yap\u0131\u015ft\u0131rabilirsiniz.<\/figcaption>\n\t\t\t\t\t\t\t\t\t\t<\/figure>\n\t\t\t\t\t\t\t\t\t<\/div>\n\t\t\t\t<div class=\"elementor-element elementor-element-197e3a5 elementor-align-center elementor-widget elementor-widget-button\" data-id=\"197e3a5\" data-element_type=\"widget\" data-widget_type=\"button.default\">\n\t\t\t\t\t\t\t\t\t\t<a class=\"elementor-button elementor-button-link elementor-size-sm\" href=\"https:\/\/maviogretmen.com\/wp-content\/uploads\/2025\/12\/O-harfi-orumcek-etkinligi.png\">\n\t\t\t\t\t\t<span class=\"elementor-button-content-wrapper\">\n\t\t\t\t\t\t<span class=\"elementor-button-icon\">\n\t\t\t\t<svg aria-hidden=\"true\" class=\"e-font-icon-svg e-fas-download\" viewBox=\"0 0 512 512\" xmlns=\"http:\/\/www.w3.org\/2000\/svg\"><path d=\"M216 0h80c13.3 0 24 10.7 24 24v168h87.7c17.8 0 26.7 21.5 14.1 34.1L269.7 378.3c-7.5 7.5-19.8 7.5-27.3 0L90.1 226.1c-12.6-12.6-3.7-34.1 14.1-34.1H192V24c0-13.3 10.7-24 24-24zm296 376v112c0 13.3-10.7 24-24 24H24c-13.3 0-24-10.7-24-24V376c0-13.3 10.7-24 24-24h146.7l49 49c20.1 20.1 52.5 20.1 72.6 0l49-49H488c13.3 0 24 10.7 24 24zm-124 88c0-11-9-20-20-20s-20 9-20 20 9 20 20 20 20-9 20-20zm64 0c0-11-9-20-20-20s-20 9-20 20 9 20 20 20 20-9 20-20z\"><\/path><\/svg>\t\t\t<\/span>\n\t\t\t\t\t\t\t\t\t<span class=\"elementor-button-text\">\u0130ndir<\/span>\n\t\t\t\t\t<\/span>\n\t\t\t\t\t<\/a>\n\t\t\t\t\t\t\t\t<\/div>\n\t\t\t\t\t<\/div>\n\t\t\t\t<\/div>\n\t\t\t\t<\/div>\n\t\t\t\t<\/div>\n\t\t","protected":false},"excerpt":{"rendered":"<p>\u00d6 harfi \u00d6r\u00fcmcek Etkinli\u011fi \u00d6 harflerinin alt\u0131na \u015f\u00f6nilden bacaklar yaparak sevimli \u00f6r\u00fcmcekler olu\u015fturabilirsiniz. \u00c7ift tarafl\u0131 bant sayesinde \u00f6r\u00fcmcekleri s\u0131n\u0131f duvarlar\u0131na veya dolaplara yap\u0131\u015ft\u0131rabilirsiniz. \u0130ndir<\/p>\n","protected":false},"author":1,"featured_media":0,"parent":0,"menu_order":0,"comment_status":"closed","ping_status":"closed","template":"","meta":{"_acf_changed":false,"_kadence_starter_templates_imported_post":false,"_kad_post_transparent":"","_kad_post_title":"hide","_kad_post_layout":"fullwidth","_kad_post_sidebar_id":"","_kad_post_content_style":"unboxed","_kad_post_vertical_padding":"hide","_kad_post_feature":"hide","_kad_post_feature_position":"","_kad_post_header":false,"_kad_post_footer":false,"_kad_post_classname":"","footnotes":""},"class_list":["post-1039","page","type-page","status-publish","hentry"],"acf":[],"_links":{"self":[{"href":"https:\/\/maviogretmen.com\/index.php?rest_route=\/wp\/v2\/pages\/1039","targetHints":{"allow":["GET"]}}],"collection":[{"href":"https:\/\/maviogretmen.com\/index.php?rest_route=\/wp\/v2\/pages"}],"about":[{"href":"https:\/\/maviogretmen.com\/index.php?rest_route=\/wp\/v2\/types\/page"}],"author":[{"embeddable":true,"href":"https:\/\/maviogretmen.com\/index.php?rest_route=\/wp\/v2\/users\/1"}],"replies":[{"embeddable":true,"href":"https:\/\/maviogretmen.com\/index.php?rest_route=%2Fwp%2Fv2%2Fcomments&post=1039"}],"version-history":[{"count":13,"href":"https:\/\/maviogretmen.com\/index.php?rest_route=\/wp\/v2\/pages\/1039\/revisions"}],"predecessor-version":[{"id":1055,"href":"https:\/\/maviogretmen.com\/index.php?rest_route=\/wp\/v2\/pages\/1039\/revisions\/1055"}],"wp:attachment":[{"href":"https:\/\/maviogretmen.com\/index.php?rest_route=%2Fwp%2Fv2%2Fmedia&parent=1039"}],"curies":[{"name":"wp","href":"https:\/\/api.w.org\/{rel}","templated":true}]}}