{"id":895,"date":"2025-12-27T12:02:23","date_gmt":"2025-12-27T12:02:23","guid":{"rendered":"https:\/\/maviogretmen.com\/?page_id=895"},"modified":"2026-01-10T21:49:36","modified_gmt":"2026-01-10T21:49:36","slug":"1-sinif-2","status":"publish","type":"page","link":"https:\/\/maviogretmen.com\/?page_id=895","title":{"rendered":"1. SINIF"},"content":{"rendered":"\t\t<div data-elementor-type=\"wp-page\" data-elementor-id=\"895\" class=\"elementor elementor-895\">\n\t\t\t\t<div class=\"elementor-element elementor-element-0a62f95 e-flex e-con-boxed e-con e-parent\" data-id=\"0a62f95\" data-element_type=\"container\">\n\t\t\t\t\t<div class=\"e-con-inner\">\n\t\t<div class=\"elementor-element elementor-element-dc059e8 e-con-full e-flex e-con e-child\" data-id=\"dc059e8\" data-element_type=\"container\" data-settings=\"{&quot;background_background&quot;:&quot;classic&quot;}\">\n\t\t\t\t<div class=\"elementor-element elementor-element-73d34b4 elementor-widget elementor-widget-heading\" data-id=\"73d34b4\" data-element_type=\"widget\" data-widget_type=\"heading.default\">\n\t\t\t\t\t<h2 class=\"elementor-heading-title elementor-size-default\"><a href=\"https:\/\/maviogretmen.com\/?page_id=1151\">Okuma Belgesi<\/a><\/h2>\t\t\t\t<\/div>\n\t\t\t\t<\/div>\n\t\t<div class=\"elementor-element elementor-element-29a07f0 e-con-full e-flex e-con e-child\" data-id=\"29a07f0\" data-element_type=\"container\" data-settings=\"{&quot;background_background&quot;:&quot;classic&quot;}\">\n\t\t\t\t<\/div>\n\t\t<div class=\"elementor-element elementor-element-4661504 e-con-full e-flex e-con e-child\" data-id=\"4661504\" data-element_type=\"container\" data-settings=\"{&quot;background_background&quot;:&quot;classic&quot;}\">\n\t\t\t\t<div class=\"elementor-element elementor-element-1ad5ad1 elementor-widget elementor-widget-heading\" data-id=\"1ad5ad1\" data-element_type=\"widget\" data-widget_type=\"heading.default\">\n\t\t\t\t\t<h2 class=\"elementor-heading-title elementor-size-default\"><a href=\"https:\/\/maviogretmen.com\/?page_id=1039\">\u00d6 Harfi \u00d6r\u00fcmcek Etkinli\u011fi<\/a><\/h2>\t\t\t\t<\/div>\n\t\t\t\t<\/div>\n\t\t\t\t\t<\/div>\n\t\t\t\t<\/div>\n\t\t\t\t<\/div>\n\t\t","protected":false},"excerpt":{"rendered":"<p>Okuma Belgesi \u00d6 Harfi \u00d6r\u00fcmcek Etkinli\u011fi<\/p>\n","protected":false},"author":1,"featured_media":0,"parent":0,"menu_order":0,"comment_status":"closed","ping_status":"closed","template":"","meta":{"_acf_changed":false,"_kadence_starter_templates_imported_post":false,"_kad_post_transparent":"","_kad_post_title":"hide","_kad_post_layout":"fullwidth","_kad_post_sidebar_id":"","_kad_post_content_style":"unboxed","_kad_post_vertical_padding":"hide","_kad_post_feature":"hide","_kad_post_feature_position":"","_kad_post_header":false,"_kad_post_footer":false,"_kad_post_classname":"","footnotes":""},"class_list":["post-895","page","type-page","status-publish","hentry"],"acf":[],"_links":{"self":[{"href":"https:\/\/maviogretmen.com\/index.php?rest_route=\/wp\/v2\/pages\/895","targetHints":{"allow":["GET"]}}],"collection":[{"href":"https:\/\/maviogretmen.com\/index.php?rest_route=\/wp\/v2\/pages"}],"about":[{"href":"https:\/\/maviogretmen.com\/index.php?rest_route=\/wp\/v2\/types\/page"}],"author":[{"embeddable":true,"href":"https:\/\/maviogretmen.com\/index.php?rest_route=\/wp\/v2\/users\/1"}],"replies":[{"embeddable":true,"href":"https:\/\/maviogretmen.com\/index.php?rest_route=%2Fwp%2Fv2%2Fcomments&post=895"}],"version-history":[{"count":30,"href":"https:\/\/maviogretmen.com\/index.php?rest_route=\/wp\/v2\/pages\/895\/revisions"}],"predecessor-version":[{"id":1188,"href":"https:\/\/maviogretmen.com\/index.php?rest_route=\/wp\/v2\/pages\/895\/revisions\/1188"}],"wp:attachment":[{"href":"https:\/\/maviogretmen.com\/index.php?rest_route=%2Fwp%2Fv2%2Fmedia&parent=895"}],"curies":[{"name":"wp","href":"https:\/\/api.w.org\/{rel}","templated":true}]}}