{"id":906,"date":"2025-12-27T12:10:13","date_gmt":"2025-12-27T12:10:13","guid":{"rendered":"https:\/\/maviogretmen.com\/?page_id=906"},"modified":"2025-12-27T12:16:01","modified_gmt":"2025-12-27T12:16:01","slug":"elementor-906","status":"publish","type":"page","link":"https:\/\/maviogretmen.com\/?page_id=906","title":{"rendered":"Bah\u00e7e Oyunlar\u0131"},"content":{"rendered":"<h2>Bah\u00e7e Oyunlar\u0131<\/h2>\n","protected":false},"excerpt":{"rendered":"<p>Bah\u00e7e Oyunlar\u0131<\/p>\n","protected":false},"author":1,"featured_media":0,"parent":0,"menu_order":0,"comment_status":"closed","ping_status":"closed","template":"","meta":{"_acf_changed":false,"_kadence_starter_templates_imported_post":false,"_kad_post_transparent":"","_kad_post_title":"hide","_kad_post_layout":"fullwidth","_kad_post_sidebar_id":"","_kad_post_content_style":"unboxed","_kad_post_vertical_padding":"hide","_kad_post_feature":"hide","_kad_post_feature_position":"","_kad_post_header":false,"_kad_post_footer":false,"_kad_post_classname":"","footnotes":""},"class_list":["post-906","page","type-page","status-publish","hentry"],"acf":[],"_links":{"self":[{"href":"https:\/\/maviogretmen.com\/index.php?rest_route=\/wp\/v2\/pages\/906","targetHints":{"allow":["GET"]}}],"collection":[{"href":"https:\/\/maviogretmen.com\/index.php?rest_route=\/wp\/v2\/pages"}],"about":[{"href":"https:\/\/maviogretmen.com\/index.php?rest_route=\/wp\/v2\/types\/page"}],"author":[{"embeddable":true,"href":"https:\/\/maviogretmen.com\/index.php?rest_route=\/wp\/v2\/users\/1"}],"replies":[{"embeddable":true,"href":"https:\/\/maviogretmen.com\/index.php?rest_route=%2Fwp%2Fv2%2Fcomments&post=906"}],"version-history":[{"count":7,"href":"https:\/\/maviogretmen.com\/index.php?rest_route=\/wp\/v2\/pages\/906\/revisions"}],"predecessor-version":[{"id":924,"href":"https:\/\/maviogretmen.com\/index.php?rest_route=\/wp\/v2\/pages\/906\/revisions\/924"}],"wp:attachment":[{"href":"https:\/\/maviogretmen.com\/index.php?rest_route=%2Fwp%2Fv2%2Fmedia&parent=906"}],"curies":[{"name":"wp","href":"https:\/\/api.w.org\/{rel}","templated":true}]}}